{"id":4504,"date":"2024-12-06T10:51:34","date_gmt":"2024-12-06T09:51:34","guid":{"rendered":"https:\/\/geremy-app.com\/condiciones-generales-de-venta\/"},"modified":"2024-12-06T16:12:16","modified_gmt":"2024-12-06T15:12:16","slug":"condiciones-generales-de-venta","status":"publish","type":"page","link":"https:\/\/geremy-app.com\/es\/condiciones-generales-de-venta\/","title":{"rendered":"Condiciones generales de venta"},"content":{"rendered":"\n<h2 class=\"wp-block-heading\" id=\"h-sommaire\"><strong>Contenido<\/strong><\/h2>\n\n<ol class=\"wp-block-list\">\n<li>PRE\u00c1MBULO<\/li>\n\n\n\n<li>DEFINICIONES<\/li>\n\n\n\n<li>ASUNTO<\/li>\n\n\n\n<li>DOCUMENTOS CONTRACTUALES<\/li>\n\n\n\n<li>DURACI\u00d3N<\/li>\n\n\n\n<li>PEDIR Y ABRIR UNA CUENTA DE CLIENTE<\/li>\n\n\n\n<li>DERECHO A UTILIZAR EL SERVICIO DE APLICACI\u00d3N<\/li>\n\n\n\n<li>LIMITACIONES DE USO<\/li>\n\n\n\n<li>DISPONIBILIDAD<\/li>\n\n\n\n<li>SEGURIDAD<\/li>\n\n\n\n<li>MANTENIMIENTO<\/li>\n\n\n\n<li>CONDICIONES FINANCIERAS<\/li>\n\n\n\n<li>PROPIEDAD INTELECTUAL<\/li>\n\n\n\n<li>CONFIDENCIALIDAD<\/li>\n\n\n\n<li>DATOS PERSONALES<\/li>\n\n\n\n<li>RESPONSABILIDAD<\/li>\n\n\n\n<li>CANCELACI\u00d3N<\/li>\n\n\n\n<li>VARIOS<\/li>\n<\/ol>\n\n<h2 class=\"wp-block-heading\"><strong>1. PRE\u00c1MBULO<\/strong><\/h2>\n\n<p class=\"wp-block-paragraph\">La sociedad Stellar Quantum SAS, con un capital de 80.000 euros, cuyo domicilio social se encuentra en Hamadryade B\u00e2t 2 &#8211; 2\u00aa planta &#8211; 55 all\u00e9e Camille Claudel &#8211; BP 61252 &#8211; 84911 AVIGNON Cedex 09, inscrita en el Registro Mercantil de Avi\u00f1\u00f3n (R.C.S.) con el n\u00famero SIREN 537845836. Representada por la Sra. Estelle GENOVARDO, debidamente autorizada en su calidad de Directora General, y el Sr. Philippe GELLET en su calidad de Presidente. En lo sucesivo \u00abel Prestador de Servicios\u00bb desarrolla y publica una aplicaci\u00f3n de inteligencia artificial comercializada como servicio como software (SaaS), destinada a la creaci\u00f3n de actas y al an\u00e1lisis de reuniones, con el nombre de Geremy.ai. Tras haberse familiarizado con las caracter\u00edsticas y haberse asegurado de que el servicio de aplicaci\u00f3n satisfac\u00eda sus necesidades, el Cliente dese\u00f3 realizar un pedido del servicio de aplicaci\u00f3n, en los t\u00e9rminos descritos en el Contrato.  <\/p>\n\n<h2 class=\"wp-block-heading\"><strong>2. DEFINICIONES<\/strong><\/h2>\n\n<ul class=\"wp-block-list\">\n<li><strong>Servicio<\/strong>: se refiere a la aplicaci\u00f3n Geremy.ai, proporcionada en modo SaaS, que permite la creaci\u00f3n automatizada de actas y el an\u00e1lisis de reuniones.<\/li>\n\n\n\n<li><strong>Cliente<\/strong>: se refiere a la entidad que se suscribe al Servicio Geremy.ai.<\/li>\n\n\n\n<li><strong>Usuario<\/strong>: se refiere a cualquier persona autorizada por el Cliente a utilizar el Servicio.<\/li>\n\n\n\n<li><strong>Datos<\/strong>: se refiere a informaci\u00f3n, documentos y contenidos procesados por el Servicio, en particular grabaciones de audio y transcripciones.<\/li>\n\n\n\n<li><strong>Cuenta<\/strong>: se refiere al espacio personal del Cliente en el Servicio.<\/li>\n<\/ul>\n\n<h2 class=\"wp-block-heading\"><strong>3. ASUNTO<\/strong><\/h2>\n\n<p class=\"wp-block-paragraph\">El prop\u00f3sito del Acuerdo es definir los t\u00e9rminos y condiciones bajo los cuales el Cliente utiliza el Servicio Geremy.ai.<\/p>\n\n<h2 class=\"wp-block-heading\"><strong>4. DOCUMENTOS CONTRACTUALES<\/strong><\/h2>\n\n<p class=\"wp-block-paragraph\">Los documentos contractuales son, por orden decreciente de prioridad:<\/p>\n\n<ol class=\"wp-block-list\">\n<li>Las Condiciones Particulares, si procede<\/li>\n\n\n\n<li>Las presentes Condiciones Generales de Venta<\/li>\n\n\n\n<li>Pol\u00edtica de privacidad<\/li>\n<\/ol>\n\n<h2 class=\"wp-block-heading\"><strong>5. DURACI\u00d3N<\/strong><\/h2>\n\n<p class=\"wp-block-paragraph\">El Contrato entra en vigor en la fecha de activaci\u00f3n de la Cuenta del Cliente, por el plazo inicial estipulado en las Condiciones Generales de Venta (suscripci\u00f3n mensual o anual).<\/p>\n\n<h2 class=\"wp-block-heading\"><strong>6. PEDIR Y ABRIR UNA CUENTA DE CLIENTE<\/strong><\/h2>\n\n<p class=\"wp-block-paragraph\">El pedido se realiza a trav\u00e9s de la interfaz de Geremy.ai. El Cliente crea una Cuenta proporcionando la informaci\u00f3n requerida (apellidos, nombre, direcci\u00f3n de correo electr\u00f3nico, empresa). <\/p>\n\n<h2 class=\"wp-block-heading\"><strong>7. DERECHO A UTILIZAR EL SERVICIO DE APLICACI\u00d3N<\/strong><\/h2>\n\n<p class=\"wp-block-paragraph\">Stellar Quantum concede al Cliente un derecho personal, no exclusivo, no asignable e intransferible a utilizar el Servicio, de conformidad con el Acuerdo, durante la vigencia del mismo y para todo el mundo.<\/p>\n\n<h2 class=\"wp-block-heading\"><strong>8. LIMITACIONES DE USO<\/strong><\/h2>\n\n<p class=\"wp-block-paragraph\">El Cliente se compromete a utilizar el Servicio de acuerdo con su finalidad y las normas profesionales aplicables. El Cliente es el \u00fanico responsable de los Datos que procesa a trav\u00e9s del Servicio, en particular de su licitud y de la obtenci\u00f3n del consentimiento de los participantes para la grabaci\u00f3n de reuniones. <\/p>\n\n<h2 class=\"wp-block-heading\"><strong>9. DISPONIBILIDAD<\/strong><\/h2>\n\n<p class=\"wp-block-paragraph\">Stellar Quantum se esfuerza por garantizar que el Servicio est\u00e9 disponible 24 horas al d\u00eda, 7 d\u00edas a la semana, sujeto a periodos de mantenimiento.<\/p>\n\n<h2 class=\"wp-block-heading\"><strong>10. SEGURIDAD<\/strong><\/h2>\n\n<p class=\"wp-block-paragraph\">Stellar Quantum aplica medidas de seguridad est\u00e1ndar del sector para proteger los Datos de los Clientes.<\/p>\n\n<h2 class=\"wp-block-heading\"><strong>11. MANTENIMIENTO<\/strong><\/h2>\n\n<p class=\"wp-block-paragraph\">Stellar Quantum proporciona el mantenimiento del Servicio, incluyendo correcciones de errores y actualizaciones.<\/p>\n\n<h2 class=\"wp-block-heading\"><strong>12. CONDICIONES FINANCIERAS<\/strong><\/h2>\n\n<p class=\"wp-block-paragraph\">Las condiciones financieras se definen en las Condiciones Especiales o en el sitio web Geremy.ai.<\/p>\n\n<h2 class=\"wp-block-heading\"><strong>13. PROPIEDAD INTELECTUAL<\/strong><\/h2>\n\n<p class=\"wp-block-paragraph\">Stellar Quantum conserva la propiedad de todos los derechos de propiedad intelectual del Servicio Geremy.ai. El Cliente sigue siendo el propietario de los Datos que procesa a trav\u00e9s del Servicio. <\/p>\n\n<h2 class=\"wp-block-heading\"><strong>14. CONFIDENCIALIDAD<\/strong><\/h2>\n\n<p class=\"wp-block-paragraph\">Cada parte se compromete a mantener la confidencialidad de la informaci\u00f3n de la otra parte.<\/p>\n\n<h2 class=\"wp-block-heading\"><strong>15. DATOS PERSONALES Y CUMPLIMIENTO DE LA RGPD<\/strong><\/h2>\n\n<p class=\"wp-block-paragraph\">15.1 Protecci\u00f3n de datos personales: Geremy.ai se compromete a cumplir la normativa vigente aplicable al tratamiento de datos personales y, en particular, el Reglamento (UE) 2016\/679 del Parlamento Europeo y del Consejo de 27 de abril de 2016 (RGPD).<\/p>\n\n<p class=\"wp-block-paragraph\">15.2 Funciones de las partes: En el contexto del uso del Servicio, el Cliente act\u00faa como controlador y Geremy.ai como procesador en el sentido del RGPD.<\/p>\n\n<p class=\"wp-block-paragraph\">15.3 Compromisos de Geremy.ai :<\/p>\n\n<p class=\"wp-block-paragraph\">a) Tratar los datos \u00fanicamente para los fines para los que se externalizan.<\/p>\n\n<p class=\"wp-block-paragraph\">b) Procesar los datos de acuerdo con las instrucciones del Cliente.<\/p>\n\n<p class=\"wp-block-paragraph\">  c) Garantizar la confidencialidad de los datos personales tratados.<\/p>\n\n<p class=\"wp-block-paragraph\">d) Garantizar que las personas autorizadas a tratar los datos se comprometen a respetar la confidencialidad.<\/p>\n\n<p class=\"wp-block-paragraph\">e) Tener en cuenta los principios de protecci\u00f3n de datos desde el dise\u00f1o y de protecci\u00f3n de datos por defecto.<\/p>\n\n<p class=\"wp-block-paragraph\">15.4 Derechos de los interesados: Geremy.ai asiste al Cliente en el cumplimiento de su obligaci\u00f3n de atender las solicitudes de ejercicio de los derechos de los interesados: derecho de acceso, rectificaci\u00f3n, supresi\u00f3n y oposici\u00f3n, derecho a la limitaci\u00f3n del tratamiento, derecho a la portabilidad de los datos, derecho a no ser objeto de una decisi\u00f3n individual automatizada.<\/p>\n\n<p class=\"wp-block-paragraph\">15.5 Notificaci\u00f3n de violaci\u00f3n: Geremy.ai notificar\u00e1 al Cliente cualquier violaci\u00f3n de datos personales en un plazo de 48 horas desde que tenga conocimiento de la misma.<\/p>\n\n<p class=\"wp-block-paragraph\">15.6 Registro de actividades de procesamiento: Geremy.ai mantiene un registro de las categor\u00edas de actividades de procesamiento llevadas a cabo en nombre del Cliente.<\/p>\n\n<h2 class=\"wp-block-heading\"><strong>16. TRATAMIENTO Y DESTRUCCI\u00d3N DE ARCHIVOS DE AUDIO<\/strong><\/h2>\n\n<p class=\"wp-block-paragraph\">16.1 Tratamiento de las grabaciones de audio: Las grabaciones de audio de las reuniones se tratan \u00fanicamente con el fin de generar informes automatizados y realizar an\u00e1lisis, de acuerdo con el Servicio suscrito por el Cliente.<\/p>\n\n<p class=\"wp-block-paragraph\">16.2 Destrucci\u00f3n de archivos de audio: Geremy.ai se compromete a destruir los archivos de audio tras la generaci\u00f3n del informe correspondiente. Esta destrucci\u00f3n es irreversible y garantiza que no se conserva ninguna copia de la grabaci\u00f3n de audio original en los servidores de Geremy.ai. <\/p>\n\n<p class=\"wp-block-paragraph\">16.3 Confirmaci\u00f3n de la destrucci\u00f3n: A petici\u00f3n del Cliente, Geremy.ai puede proporcionar una confirmaci\u00f3n por escrito de la destrucci\u00f3n de archivos de audio espec\u00edficos.<\/p>\n\n<p class=\"wp-block-paragraph\">16.4 Excepci\u00f3n para la depuraci\u00f3n: En casos excepcionales y s\u00f3lo con el consentimiento expl\u00edcito del Cliente, determinados archivos de audio podr\u00e1n conservarse temporalmente durante un periodo de tiempo limitado con fines de depuraci\u00f3n o mejora del Servicio. En este caso, se comunicar\u00e1 al Cliente un periodo de conservaci\u00f3n espec\u00edfico. <\/p>\n\n<p class=\"wp-block-paragraph\">16.5 Responsabilidad del Cliente: El Cliente es responsable de informar a todos los participantes de la reuni\u00f3n sobre el registro y uso del Servicio Geremy.ai, y de obtener su consentimiento si es necesario.<\/p>\n\n<h2 class=\"wp-block-heading\" id=\"h-17-resiliation\"><strong>17. TERMINACI\u00d3N<\/strong> <\/h2>\n\n<p class=\"wp-block-paragraph\">El contrato podr\u00e1 ser resuelto por cualquiera de las Partes en caso de incumplimiento grave de las obligaciones contractuales, despu\u00e9s de que el preaviso formal haya quedado sin efecto.<\/p>\n\n<h2 class=\"wp-block-heading\"><strong>18. VARIOS<\/strong><\/h2>\n\n<p class=\"wp-block-paragraph\">18.1 Legislaci\u00f3n aplicable: El presente contrato se rige por la legislaci\u00f3n francesa.<\/p>\n\n<p class=\"wp-block-paragraph\">18.2 Jurisdicci\u00f3n: Cualquier litigio relativo a la interpretaci\u00f3n o a la ejecuci\u00f3n del presente contrato ser\u00e1 competencia exclusiva de los tribunales de Avi\u00f1\u00f3n.<\/p>\n\n<p class=\"wp-block-paragraph\">18.3 Modificaci\u00f3n: Stellar Quantum se reserva el derecho a modificar las presentes CGC. Las nuevas condiciones se pondr\u00e1n en conocimiento del Cliente y entrar\u00e1n en vigor 30 d\u00edas despu\u00e9s de su notificaci\u00f3n. <\/p>\n\n<hr class=\"wp-block-separator has-alpha-channel-opacity\"\/>\n\n<p class=\"wp-block-paragraph\"><a id=\"_msocom_1\"><\/a><\/p>\n\n<p class=\"wp-block-paragraph\">\u00a0<\/p>\n\n<p class=\"wp-block-paragraph\"><\/p>\n<div class=\"social-share-buttons\"><a class=\"wirawp-stack-small\" href=\"https:\/\/www.facebook.com\/sharer\/sharer.php?u=https:\/\/geremy-app.com\/es\/condiciones-generales-de-venta\/\" target=\"_blank\" rel=\"noopener\">\uf39e<\/a><a class=\"wirawp-stack-small\" href=\"https:\/\/twitter.com\/intent\/tweet?url=https:\/\/geremy-app.com\/es\/condiciones-generales-de-venta\/&text=Condiciones+generales+de+venta\" target=\"_blank\" rel=\"noopener\">\uf099<\/a><a class=\"wirawp-stack-small\" href=\"https:\/\/www.linkedin.com\/shareArticle?url=https:\/\/geremy-app.com\/es\/condiciones-generales-de-venta\/&title=Condiciones+generales+de+venta\" target=\"_blank\" rel=\"noopener\">\uf0e1<\/a><a class=\"wirawp-stack-small\" href=\"https:\/\/pinterest.com\/pin\/create\/button\/?url=https:\/\/geremy-app.com\/es\/condiciones-generales-de-venta\/&description=Condiciones+generales+de+venta\" target=\"_blank\" rel=\"noopener\">\uf231<\/a><\/div>","protected":false},"excerpt":{"rendered":"<p>Contenido 1. PRE\u00c1MBULO La sociedad Stellar Quantum SAS, con un capital de 80.000 euros, cuyo domicilio social se encuentra en Hamadryade B\u00e2t 2 &#8211; 2\u00aa planta &#8211; 55 all\u00e9e Camille Claudel &#8211; BP 61252 &#8211; 84911 AVIGNON Cedex 09, inscrita en el Registro Mercantil de Avi\u00f1\u00f3n (R.C.S.) con el n\u00famero SIREN 537845836. Representada por la [&hellip;]<\/p>\n","protected":false},"author":252521427,"featured_media":0,"parent":0,"menu_order":0,"comment_status":"closed","ping_status":"closed","template":"","meta":{"_crdt_document":"","content-type":"","inline_featured_image":false,"footnotes":""},"class_list":["post-4504","page","type-page","status-publish","hentry"],"yoast_head":"<!-- This site is optimized with the Yoast SEO Premium plugin v27.6 (Yoast SEO v27.6) - https:\/\/yoast.com\/product\/yoast-seo-premium-wordpress\/ -->\n<title>Condiciones generales de venta - Geremy.ai<\/title>\n<meta name=\"robots\" content=\"index, follow, max-snippet:-1, max-image-preview:large, max-video-preview:-1\" \/>\n<link rel=\"canonical\" href=\"https:\/\/geremy-app.com\/es\/condiciones-generales-de-venta\/\" \/>\n<meta property=\"og:locale\" content=\"es_ES\" \/>\n<meta property=\"og:type\" content=\"article\" \/>\n<meta property=\"og:title\" content=\"Condiciones generales de venta\" \/>\n<meta property=\"og:description\" content=\"Contenido 1. PRE\u00c1MBULO La sociedad Stellar Quantum SAS, con un capital de 80.000 euros, cuyo domicilio social se encuentra en Hamadryade B\u00e2t 2 &#8211; 2\u00aa planta &#8211; 55 all\u00e9e Camille Claudel &#8211; BP 61252 &#8211; 84911 AVIGNON Cedex 09, inscrita en el Registro Mercantil de Avi\u00f1\u00f3n (R.C.S.) con el n\u00famero SIREN 537845836. Representada por la [&hellip;]\" \/>\n<meta property=\"og:url\" content=\"https:\/\/geremy-app.com\/es\/condiciones-generales-de-venta\/\" \/>\n<meta property=\"og:site_name\" content=\"Geremy.ai\" \/>\n<meta property=\"article:modified_time\" content=\"2024-12-06T15:12:16+00:00\" \/>\n<meta name=\"twitter:card\" content=\"summary_large_image\" \/>\n<meta name=\"twitter:label1\" content=\"Tiempo de lectura\" \/>\n\t<meta name=\"twitter:data1\" content=\"6 minutos\" \/>\n<script type=\"application\/ld+json\" class=\"yoast-schema-graph\">{\"@context\":\"https:\\\/\\\/schema.org\",\"@graph\":[{\"@type\":\"WebPage\",\"@id\":\"https:\\\/\\\/geremy-app.com\\\/es\\\/condiciones-generales-de-venta\\\/\",\"url\":\"https:\\\/\\\/geremy-app.com\\\/es\\\/condiciones-generales-de-venta\\\/\",\"name\":\"Condiciones generales de venta - Geremy.ai\",\"isPartOf\":{\"@id\":\"https:\\\/\\\/geremy-app.com\\\/es\\\/#website\"},\"datePublished\":\"2024-12-06T09:51:34+00:00\",\"dateModified\":\"2024-12-06T15:12:16+00:00\",\"breadcrumb\":{\"@id\":\"https:\\\/\\\/geremy-app.com\\\/es\\\/condiciones-generales-de-venta\\\/#breadcrumb\"},\"inLanguage\":\"es\",\"potentialAction\":[{\"@type\":\"ReadAction\",\"target\":[\"https:\\\/\\\/geremy-app.com\\\/es\\\/condiciones-generales-de-venta\\\/\"]}]},{\"@type\":\"BreadcrumbList\",\"@id\":\"https:\\\/\\\/geremy-app.com\\\/es\\\/condiciones-generales-de-venta\\\/#breadcrumb\",\"itemListElement\":[{\"@type\":\"ListItem\",\"position\":1,\"name\":\"Home\",\"item\":\"https:\\\/\\\/geremy-app.com\\\/es\\\/\"},{\"@type\":\"ListItem\",\"position\":2,\"name\":\"Condiciones generales de venta\"}]},{\"@type\":\"WebSite\",\"@id\":\"https:\\\/\\\/geremy-app.com\\\/es\\\/#website\",\"url\":\"https:\\\/\\\/geremy-app.com\\\/es\\\/\",\"name\":\"Geremy.ai\",\"description\":\"\",\"publisher\":{\"@id\":\"https:\\\/\\\/geremy-app.com\\\/es\\\/#organization\"},\"potentialAction\":[{\"@type\":\"SearchAction\",\"target\":{\"@type\":\"EntryPoint\",\"urlTemplate\":\"https:\\\/\\\/geremy-app.com\\\/es\\\/?s={search_term_string}\"},\"query-input\":{\"@type\":\"PropertyValueSpecification\",\"valueRequired\":true,\"valueName\":\"search_term_string\"}}],\"inLanguage\":\"es\"},{\"@type\":\"Organization\",\"@id\":\"https:\\\/\\\/geremy-app.com\\\/es\\\/#organization\",\"name\":\"Stellar Quantum\",\"url\":\"https:\\\/\\\/geremy-app.com\\\/es\\\/\",\"logo\":{\"@type\":\"ImageObject\",\"inLanguage\":\"es\",\"@id\":\"https:\\\/\\\/geremy-app.com\\\/es\\\/#\\\/schema\\\/logo\\\/image\\\/\",\"url\":\"https:\\\/\\\/i0.wp.com\\\/geremy.ai\\\/wp-content\\\/uploads\\\/2024\\\/07\\\/Logo-GEREMY-bleu-fond-transp-PNG.png?fit=3435%2C3558&ssl=1\",\"contentUrl\":\"https:\\\/\\\/i0.wp.com\\\/geremy.ai\\\/wp-content\\\/uploads\\\/2024\\\/07\\\/Logo-GEREMY-bleu-fond-transp-PNG.png?fit=3435%2C3558&ssl=1\",\"width\":3435,\"height\":3558,\"caption\":\"Stellar Quantum\"},\"image\":{\"@id\":\"https:\\\/\\\/geremy-app.com\\\/es\\\/#\\\/schema\\\/logo\\\/image\\\/\"}}]}<\/script>\n<!-- \/ Yoast SEO Premium plugin. -->","yoast_head_json":{"title":"Condiciones generales de venta - Geremy.ai","robots":{"index":"index","follow":"follow","max-snippet":"max-snippet:-1","max-image-preview":"max-image-preview:large","max-video-preview":"max-video-preview:-1"},"canonical":"https:\/\/geremy-app.com\/es\/condiciones-generales-de-venta\/","og_locale":"es_ES","og_type":"article","og_title":"Condiciones generales de venta","og_description":"Contenido 1. PRE\u00c1MBULO La sociedad Stellar Quantum SAS, con un capital de 80.000 euros, cuyo domicilio social se encuentra en Hamadryade B\u00e2t 2 &#8211; 2\u00aa planta &#8211; 55 all\u00e9e Camille Claudel &#8211; BP 61252 &#8211; 84911 AVIGNON Cedex 09, inscrita en el Registro Mercantil de Avi\u00f1\u00f3n (R.C.S.) con el n\u00famero SIREN 537845836. Representada por la [&hellip;]","og_url":"https:\/\/geremy-app.com\/es\/condiciones-generales-de-venta\/","og_site_name":"Geremy.ai","article_modified_time":"2024-12-06T15:12:16+00:00","twitter_card":"summary_large_image","twitter_misc":{"Tiempo de lectura":"6 minutos"},"schema":{"@context":"https:\/\/schema.org","@graph":[{"@type":"WebPage","@id":"https:\/\/geremy-app.com\/es\/condiciones-generales-de-venta\/","url":"https:\/\/geremy-app.com\/es\/condiciones-generales-de-venta\/","name":"Condiciones generales de venta - Geremy.ai","isPartOf":{"@id":"https:\/\/geremy-app.com\/es\/#website"},"datePublished":"2024-12-06T09:51:34+00:00","dateModified":"2024-12-06T15:12:16+00:00","breadcrumb":{"@id":"https:\/\/geremy-app.com\/es\/condiciones-generales-de-venta\/#breadcrumb"},"inLanguage":"es","potentialAction":[{"@type":"ReadAction","target":["https:\/\/geremy-app.com\/es\/condiciones-generales-de-venta\/"]}]},{"@type":"BreadcrumbList","@id":"https:\/\/geremy-app.com\/es\/condiciones-generales-de-venta\/#breadcrumb","itemListElement":[{"@type":"ListItem","position":1,"name":"Home","item":"https:\/\/geremy-app.com\/es\/"},{"@type":"ListItem","position":2,"name":"Condiciones generales de venta"}]},{"@type":"WebSite","@id":"https:\/\/geremy-app.com\/es\/#website","url":"https:\/\/geremy-app.com\/es\/","name":"Geremy.ai","description":"","publisher":{"@id":"https:\/\/geremy-app.com\/es\/#organization"},"potentialAction":[{"@type":"SearchAction","target":{"@type":"EntryPoint","urlTemplate":"https:\/\/geremy-app.com\/es\/?s={search_term_string}"},"query-input":{"@type":"PropertyValueSpecification","valueRequired":true,"valueName":"search_term_string"}}],"inLanguage":"es"},{"@type":"Organization","@id":"https:\/\/geremy-app.com\/es\/#organization","name":"Stellar Quantum","url":"https:\/\/geremy-app.com\/es\/","logo":{"@type":"ImageObject","inLanguage":"es","@id":"https:\/\/geremy-app.com\/es\/#\/schema\/logo\/image\/","url":"https:\/\/i0.wp.com\/geremy.ai\/wp-content\/uploads\/2024\/07\/Logo-GEREMY-bleu-fond-transp-PNG.png?fit=3435%2C3558&ssl=1","contentUrl":"https:\/\/i0.wp.com\/geremy.ai\/wp-content\/uploads\/2024\/07\/Logo-GEREMY-bleu-fond-transp-PNG.png?fit=3435%2C3558&ssl=1","width":3435,"height":3558,"caption":"Stellar Quantum"},"image":{"@id":"https:\/\/geremy-app.com\/es\/#\/schema\/logo\/image\/"}}]}},"jetpack_likes_enabled":true,"jetpack_sharing_enabled":true,"jetpack_shortlink":"https:\/\/wp.me\/PfVx57-1aE","jetpack-related-posts":[],"_links":{"self":[{"href":"https:\/\/geremy-app.com\/es\/wp-json\/wp\/v2\/pages\/4504","targetHints":{"allow":["GET"]}}],"collection":[{"href":"https:\/\/geremy-app.com\/es\/wp-json\/wp\/v2\/pages"}],"about":[{"href":"https:\/\/geremy-app.com\/es\/wp-json\/wp\/v2\/types\/page"}],"author":[{"embeddable":true,"href":"https:\/\/geremy-app.com\/es\/wp-json\/wp\/v2\/users\/252521427"}],"replies":[{"embeddable":true,"href":"https:\/\/geremy-app.com\/es\/wp-json\/wp\/v2\/comments?post=4504"}],"version-history":[{"count":1,"href":"https:\/\/geremy-app.com\/es\/wp-json\/wp\/v2\/pages\/4504\/revisions"}],"predecessor-version":[{"id":4506,"href":"https:\/\/geremy-app.com\/es\/wp-json\/wp\/v2\/pages\/4504\/revisions\/4506"}],"wp:attachment":[{"href":"https:\/\/geremy-app.com\/es\/wp-json\/wp\/v2\/media?parent=4504"}],"curies":[{"name":"wp","href":"https:\/\/api.w.org\/{rel}","templated":true}]}}